{"id":96,"date":"2016-10-05T04:00:09","date_gmt":"2016-10-05T04:00:09","guid":{"rendered":"http:\/\/localhost\/dotted\/?page_id=96"},"modified":"2019-01-25T00:10:15","modified_gmt":"2019-01-24T21:10:15","slug":"bize-ulasin","status":"publish","type":"page","link":"http:\/\/totalteknik.com\/index.php\/bize-ulasin\/","title":{"rendered":"Bize Ula\u015f\u0131n"},"content":{"rendered":"<p>[vc_row equal_height=&#8221;yes&#8221;][vc_column offset=&#8221;vc_col-md-3&#8243;][vc_custom_heading text=&#8221;Adres Bilgilerimiz&#8221; font_container=&#8221;tag:h3|text_align:left&#8221; use_theme_fonts=&#8221;yes&#8221; css=&#8221;.vc_custom_1547762107052{margin-bottom: 30px !important;}&#8221;][vc_column_text css=&#8221;.vc_custom_1547762464680{margin-bottom: 30px !important;}&#8221;]<\/p>\n<div class=\"address-info\">\n<p>Emniyet Cad. 22\/3 Emniyetevler 4.Levent \u0130stanbul<\/p>\n<p>0 212 269 18 25<\/p>\n<p>www.totalteknik.com<\/p>\n<p><i class=\"fa fa-envelope-o color-theme\"><\/i>info@totalteknik.com<\/p>\n<\/div>\n<p>[\/vc_column_text][\/vc_column][vc_column offset=&#8221;vc_col-md-9&#8243;][vc_custom_heading text=&#8221;Mesaj Formu&#8221; font_container=&#8221;tag:h3|text_align:left&#8221; use_theme_fonts=&#8221;yes&#8221; css=&#8221;.vc_custom_1547762542237{margin-bottom: 30px !important;}&#8221;][vc_column_text]\n<div class=\"wpcf7 no-js\" id=\"wpcf7-f90-o1\" lang=\"en-US\" dir=\"ltr\" data-wpcf7-id=\"90\">\n<div class=\"screen-reader-response\"><p role=\"status\" aria-live=\"polite\" aria-atomic=\"true\"><\/p> <ul><\/ul><\/div>\n<form action=\"\/index.php\/wp-json\/wp\/v2\/pages\/96#wpcf7-f90-o1\" method=\"post\" class=\"wpcf7-form init\" aria-label=\"Contact form\" novalidate=\"novalidate\" data-status=\"init\">\n<fieldset class=\"hidden-fields-container\"><input type=\"hidden\" name=\"_wpcf7\" value=\"90\" \/><input type=\"hidden\" name=\"_wpcf7_version\" value=\"6.1\" \/><input type=\"hidden\" name=\"_wpcf7_locale\" value=\"en_US\" \/><input type=\"hidden\" name=\"_wpcf7_unit_tag\" value=\"wpcf7-f90-o1\" \/><input type=\"hidden\" name=\"_wpcf7_container_post\" value=\"0\" \/><input type=\"hidden\" name=\"_wpcf7_posted_data_hash\" value=\"\" \/><input type=\"hidden\" name=\"_wpcf7_recaptcha_response\" value=\"\" \/>\n<\/fieldset>\n<div class=\"right-form-comment\">\n\t<p><span class=\"wpcf7-form-control-wrap\" data-name=\"your-messages\"><textarea cols=\"40\" rows=\"10\" maxlength=\"2000\" class=\"wpcf7-form-control wpcf7-textarea form-control\" aria-invalid=\"false\" placeholder=\"Mesaj\u0131n\u0131z\" name=\"your-messages\"><\/textarea><\/span>\n\t<\/p>\n<\/div>\n<div class=\"left-form-comment comment-form\">\n\t<div class=\"form-group\">\n\t\t<p><span class=\"wpcf7-form-control-wrap\" data-name=\"your-name\"><input size=\"40\" maxlength=\"400\" class=\"wpcf7-form-control wpcf7-text wpcf7-validates-as-required form-control\" aria-required=\"true\" aria-invalid=\"false\" placeholder=\"Ad\u0131n\u0131z-Soyad\u0131n\u0131z\" value=\"\" type=\"text\" name=\"your-name\" \/><\/span>\n\t\t<\/p>\n\t<\/div>\n\t<div class=\"form-group\">\n\t\t<p><span class=\"wpcf7-form-control-wrap\" data-name=\"your-email\"><input size=\"40\" maxlength=\"400\" class=\"wpcf7-form-control wpcf7-email wpcf7-validates-as-required wpcf7-text wpcf7-validates-as-email form-control\" aria-required=\"true\" aria-invalid=\"false\" placeholder=\"Email Adresiniz\" value=\"\" type=\"email\" name=\"your-email\" \/><\/span>\n\t\t<\/p>\n\t<\/div>\n\t<p><input class=\"wpcf7-form-control wpcf7-submit has-spinner ot-btn btn-main-color btn-rounded bg-theme text-up white-text\" type=\"submit\" value=\"G\u00f6nder\" \/>\n\t<\/p>\n<\/div><div class=\"wpcf7-response-output\" aria-hidden=\"true\"><\/div>\n<\/form>\n<\/div>\n[\/vc_column_text][\/vc_column][\/vc_row]<\/p>\n","protected":false},"excerpt":{"rendered":"<p>[vc_row equal_height=&#8221;yes&#8221;][vc_column offset=&#8221;vc_col-md-3&#8243;][vc_custom_heading text=&#8221;Adres Bilgilerimiz&#8221; font_container=&#8221;tag:h3|text_align:left&#8221; use_theme_fonts=&#8221;yes&#8221; css=&#8221;.vc_custom_1547762107052{margin-bottom: 30px !important;}&#8221;][vc_column_text css=&#8221;.vc_custom_1547762464680{margin-bottom: 30px !important;}&#8221;] Emniyet Cad. 22\/3 Emniyetevler 4.Levent \u0130stanbul 0 212 269 18 25 www.totalteknik.com info@totalteknik.com [\/vc_column_text][\/vc_column][vc_column offset=&#8221;vc_col-md-9&#8243;][vc_custom_heading text=&#8221;Mesaj Formu&#8221; font_container=&#8221;tag:h3|text_align:left&#8221; use_theme_fonts=&#8221;yes&#8221; css=&#8221;.vc_custom_1547762542237{margin-bottom: 30px !important;}&#8221;][vc_column_text][\/vc_column_text][\/vc_column][\/vc_row]<\/p>\n","protected":false},"author":1,"featured_media":0,"parent":0,"menu_order":0,"comment_status":"closed","ping_status":"closed","template":"page-templates\/template-fullwidth.php","meta":{"footnotes":""},"class_list":["post-96","page","type-page","status-publish","hentry"],"_links":{"self":[{"href":"http:\/\/totalteknik.com\/index.php\/wp-json\/wp\/v2\/pages\/96","targetHints":{"allow":["GET"]}}],"collection":[{"href":"http:\/\/totalteknik.com\/index.php\/wp-json\/wp\/v2\/pages"}],"about":[{"href":"http:\/\/totalteknik.com\/index.php\/wp-json\/wp\/v2\/types\/page"}],"author":[{"embeddable":true,"href":"http:\/\/totalteknik.com\/index.php\/wp-json\/wp\/v2\/users\/1"}],"replies":[{"embeddable":true,"href":"http:\/\/totalteknik.com\/index.php\/wp-json\/wp\/v2\/comments?post=96"}],"version-history":[{"count":0,"href":"http:\/\/totalteknik.com\/index.php\/wp-json\/wp\/v2\/pages\/96\/revisions"}],"wp:attachment":[{"href":"http:\/\/totalteknik.com\/index.php\/wp-json\/wp\/v2\/media?parent=96"}],"curies":[{"name":"wp","href":"https:\/\/api.w.org\/{rel}","templated":true}]}}