{"id":536,"date":"2016-10-13T07:04:03","date_gmt":"2016-10-13T07:04:03","guid":{"rendered":"http:\/\/localhost\/dotted\/?page_id=536"},"modified":"2021-10-08T14:01:12","modified_gmt":"2021-10-08T11:01:12","slug":"home-page-1","status":"publish","type":"page","link":"http:\/\/totalteknik.com\/","title":{"rendered":"Home Page 1"},"content":{"rendered":"<p>[vc_row][vc_column][\/vc_column][\/vc_row][vc_row fullwidth=&#8221;yes&#8221; css=&#8221;.vc_custom_1477026057622{padding-top: 0px !important;padding-bottom: 0px !important;}&#8221;][vc_column][\/vc_column][\/vc_row][vc_row][vc_column][vc_custom_heading text=&#8221;M\u00fchendislerle \u00c7\u00f6z\u00fcn !&#8221; font_container=&#8221;tag:h1|text_align:center|color:%231e73be&#8221; google_fonts=&#8221;font_family:Economica%3Aregular%2Citalic%2C700%2C700italic|font_style:400%20regular%3A400%3Anormal&#8221; css_animation=&#8221;bounceIn&#8221; css=&#8221;.vc_custom_1548364980219{margin-bottom: 25px !important;}&#8221;][vc_row_inner][vc_column_inner width=&#8221;1\/3&#8243;][vc_hoverbox image=&#8221;1237&#8243; primary_title=&#8221;&#8221; hover_title=&#8221;\u0130klimlendirme Sistemleri&#8221; hover_title_google_fonts=&#8221;font_family:Economica%3Aregular%2Citalic%2C700%2C700italic|font_style:400%20regular%3A400%3Anormal&#8221; hover_btn_title=&#8221;DEVAMINI OKU&#8221; hover_btn_style=&#8221;flat&#8221; hover_btn_color=&#8221;juicy-pink&#8221; use_custom_fonts_hover_title=&#8221;true&#8221; hover_add_button=&#8221;true&#8221; hover_btn_link=&#8221;url:http%3A%2F%2Ftotalteknik.com%2Findex.php%2Fiklimlendirme-sistemleri%2F|||&#8221;]Total Teknik, m\u00fchendislik \u00e7al\u0131\u015fmas\u0131 gerektiren her t\u00fcrl\u00fc havaland\u0131rma, \u0131s\u0131tma, so\u011futma sisteminde m\u00fc\u015fterilerine m\u00fchendislik bilgisi ve k\u00fclt\u00fcr\u00fc ile hizmet vermektedir.[\/vc_hoverbox][\/vc_column_inner][vc_column_inner width=&#8221;1\/3&#8243;][vc_hoverbox image=&#8221;1294&#8243; primary_title=&#8221;&#8221; hover_title=&#8221;Yang\u0131n S\u00f6nd\u00fcrme Sistemleri&#8221; hover_btn_title=&#8221;DEVAMINI OKU&#8221; hover_btn_style=&#8221;flat&#8221; hover_btn_color=&#8221;juicy-pink&#8221; hover_add_button=&#8221;true&#8221; hover_btn_link=&#8221;url:http%3A%2F%2Ftotalteknik.com%2Findex.php%2Fsihhi-tesisat%2F|||&#8221;]Yap\u0131larda her t\u00fcrl\u00fc mekanik uygulaman\u0131n konvansiyonel y\u00f6ntemlerle projelendirilmesi ve uygulanmas\u0131 Total&#8217;in verdi\u011fi hizmetler aras\u0131ndad\u0131r.[\/vc_hoverbox][\/vc_column_inner][vc_column_inner width=&#8221;1\/3&#8243;][vc_hoverbox image=&#8221;1357&#8243; primary_title=&#8221;&#8221; hover_title=&#8221;End\u00fcstriyel Uygulamalar&#8221; hover_btn_title=&#8221;DEVAMINI OKU&#8221; hover_btn_style=&#8221;flat&#8221; hover_btn_color=&#8221;juicy-pink&#8221; hover_add_button=&#8221;true&#8221; hover_btn_link=&#8221;url:http%3A%2F%2Ftotalteknik.com%2Findex.php%2Fendustriyel-uygulamalar%2F|||&#8221;]End\u00fcstriyel uygulamlarda her prosese \u00f6zg\u00fc deyatlar bulunmaktad\u0131r.[\/vc_hoverbox][\/vc_column_inner][\/vc_row_inner][vc_row_inner][vc_column_inner][vc_custom_heading text=&#8221;Neden Total Teknik ?&#8221; font_container=&#8221;tag:h2|text_align:center|color:%23dd3333|line_height:5&#8243; google_fonts=&#8221;font_family:Basic%3Aregular|font_style:400%20regular%3A400%3Anormal&#8221; css_animation=&#8221;lightSpeedIn&#8221;][\/vc_column_inner][\/vc_row_inner][\/vc_column][vc_column width=&#8221;1\/2&#8243; offset=&#8221;vc_col-md-3&#8243;]\n\t\t    <div class=\"iconbox iconbox-set-1\">\n\t\t\t<div class=\"icon-1\">\n\t\t\t\t<i class=\"fa fa-cog color-theme\" aria-hidden=\"true\"><\/i>\n\t\t\t<\/div>\n\t\t\t<h4 class=\"text-up\">G\u00fcncel Teknolojiler<\/h4>\n\t\t\t<p>S\u00fcrd\u00fcr\u00fclebilir projelere ula\u015fmak i\u00e7in teknolojik yeniliklerden faydalan\u0131yoruz.<\/p>\t\t\t\t\t<\/div>\n\t    \t\n[\/vc_column][vc_column width=&#8221;1\/2&#8243; offset=&#8221;vc_col-md-3&#8243;]\n\t\t    <div class=\"iconbox iconbox-set-1\">\n\t\t\t<div class=\"icon-1\">\n\t\t\t\t<i class=\"fa fa-check-square-o color-theme\" aria-hidden=\"true\"><\/i>\n\t\t\t<\/div>\n\t\t\t<h4 class=\"text-up\">Kalite Kontrol<\/h4>\n\t\t\t<p>Her projenin ayn\u0131 kalitede tamamlanmas\u0131 i\u00e7in bilgi odakl\u0131 \u00e7al\u0131\u015f\u0131yoruz<\/p>\t\t\t\t\t<\/div>\n\t    \t\n[\/vc_column][vc_column width=&#8221;1\/2&#8243; offset=&#8221;vc_col-md-3&#8243;]\n\t\t    <div class=\"iconbox iconbox-set-1\">\n\t\t\t<div class=\"icon-1\">\n\t\t\t\t<i class=\"fa fa-info-circle color-theme\" aria-hidden=\"true\"><\/i>\n\t\t\t<\/div>\n\t\t\t<h4 class=\"text-up\">Tecr\u00fcbe & Ekip<\/h4>\n\t\t\t<p>Tecr\u00fcbeli m\u00fchendis kadromuz ile 2005&#8217;ten beri hizmet vermekteyiz.<\/p>\t\t\t\t\t<\/div>\n\t    \t\n[\/vc_column][vc_column width=&#8221;1\/2&#8243; offset=&#8221;vc_col-md-3&#8243;]\n\t\t    <div class=\"iconbox iconbox-set-1\">\n\t\t\t<div class=\"icon-1\">\n\t\t\t\t<i class=\"fa fa-plus-circle color-theme\" aria-hidden=\"true\"><\/i>\n\t\t\t<\/div>\n\t\t\t<h4 class=\"text-up\">Proje Sonras\u0131 Destek<\/h4>\n\t\t\t<p>Proje s\u00fcrecinde veya sonras\u0131nda olu\u015fan ek ihtiya\u00e7lara en h\u0131zl\u0131 ve en d\u00fc\u015f\u00fck maliyetli \u00e7\u00f6z\u00fcmleri geli\u015ftiriyoruz<\/p>\t\t\t\t\t<\/div>\n\t    \t\n[\/vc_column][\/vc_row]<\/p>\n","protected":false},"excerpt":{"rendered":"<p>[vc_row][vc_column][\/vc_column][\/vc_row][vc_row fullwidth=&#8221;yes&#8221; css=&#8221;.vc_custom_1477026057622{padding-top: 0px !important;padding-bottom: 0px !important;}&#8221;][vc_column][\/vc_column][\/vc_row][vc_row][vc_column][vc_custom_heading text=&#8221;M\u00fchendislerle \u00c7\u00f6z\u00fcn !&#8221; font_container=&#8221;tag:h1|text_align:center|color:%231e73be&#8221; google_fonts=&#8221;font_family:Economica%3Aregular%2Citalic%2C700%2C700italic|font_style:400%20regular%3A400%3Anormal&#8221; css_animation=&#8221;bounceIn&#8221; css=&#8221;.vc_custom_1548364980219{margin-bottom: 25px !important;}&#8221;][vc_row_inner][vc_column_inner width=&#8221;1\/3&#8243;][vc_hoverbox image=&#8221;1237&#8243; primary_title=&#8221;&#8221; hover_title=&#8221;\u0130klimlendirme Sistemleri&#8221; hover_title_google_fonts=&#8221;font_family:Economica%3Aregular%2Citalic%2C700%2C700italic|font_style:400%20regular%3A400%3Anormal&#8221; hover_btn_title=&#8221;DEVAMINI OKU&#8221; hover_btn_style=&#8221;flat&#8221; hover_btn_color=&#8221;juicy-pink&#8221; use_custom_fonts_hover_title=&#8221;true&#8221; hover_add_button=&#8221;true&#8221; hover_btn_link=&#8221;url:http%3A%2F%2Ftotalteknik.com%2Findex.php%2Fiklimlendirme-sistemleri%2F|||&#8221;]Total Teknik, m\u00fchendislik \u00e7al\u0131\u015fmas\u0131 gerektiren her t\u00fcrl\u00fc havaland\u0131rma, \u0131s\u0131tma, so\u011futma sisteminde m\u00fc\u015fterilerine m\u00fchendislik bilgisi ve k\u00fclt\u00fcr\u00fc ile hizmet vermektedir.[\/vc_hoverbox][\/vc_column_inner][vc_column_inner width=&#8221;1\/3&#8243;][vc_hoverbox image=&#8221;1294&#8243; primary_title=&#8221;&#8221; hover_title=&#8221;Yang\u0131n S\u00f6nd\u00fcrme Sistemleri&#8221; hover_btn_title=&#8221;DEVAMINI OKU&#8221; [&hellip;]<\/p>\n","protected":false},"author":1,"featured_media":0,"parent":0,"menu_order":0,"comment_status":"closed","ping_status":"closed","template":"page-templates\/template-canvas.php","meta":{"footnotes":""},"class_list":["post-536","page","type-page","status-publish","hentry"],"_links":{"self":[{"href":"http:\/\/totalteknik.com\/index.php\/wp-json\/wp\/v2\/pages\/536","targetHints":{"allow":["GET"]}}],"collection":[{"href":"http:\/\/totalteknik.com\/index.php\/wp-json\/wp\/v2\/pages"}],"about":[{"href":"http:\/\/totalteknik.com\/index.php\/wp-json\/wp\/v2\/types\/page"}],"author":[{"embeddable":true,"href":"http:\/\/totalteknik.com\/index.php\/wp-json\/wp\/v2\/users\/1"}],"replies":[{"embeddable":true,"href":"http:\/\/totalteknik.com\/index.php\/wp-json\/wp\/v2\/comments?post=536"}],"version-history":[{"count":3,"href":"http:\/\/totalteknik.com\/index.php\/wp-json\/wp\/v2\/pages\/536\/revisions"}],"predecessor-version":[{"id":1581,"href":"http:\/\/totalteknik.com\/index.php\/wp-json\/wp\/v2\/pages\/536\/revisions\/1581"}],"wp:attachment":[{"href":"http:\/\/totalteknik.com\/index.php\/wp-json\/wp\/v2\/media?parent=536"}],"curies":[{"name":"wp","href":"https:\/\/api.w.org\/{rel}","templated":true}]}}