{"id":1598,"date":"2021-10-08T14:28:16","date_gmt":"2021-10-08T11:28:16","guid":{"rendered":"http:\/\/totalteknik.com\/?page_id=1598"},"modified":"2021-10-08T15:19:38","modified_gmt":"2021-10-08T12:19:38","slug":"hizmetlerimiz","status":"publish","type":"page","link":"http:\/\/totalteknik.com\/index.php\/hizmetlerimiz\/","title":{"rendered":"Hizmetlerimiz"},"content":{"rendered":"<p>[vc_row][vc_column][vc_message message_box_style=&#8221;outline&#8221; style=&#8221;round&#8221; icon_fontawesome=&#8221;fa fa-check-circle&#8221;]<strong>S\u0131hh\u0131 Tesisat ve Yang\u0131n S\u00f6nd\u00fcrme Sistemleri<\/strong>[\/vc_message][vc_hoverbox image=&#8221;1294&#8243; primary_title=&#8221;&#8221; hover_title=&#8221;S\u0131hh\u0131 Tesisat ve Yang\u0131n S\u00f6nd\u00fcrme Sistemleri&#8221; hover_btn_title=&#8221;Devam\u0131n\u0131 Oku&#8221; hover_btn_color=&#8221;blue&#8221; hover_add_button=&#8221;true&#8221; hover_btn_link=&#8221;url:http%3A%2F%2Ftotalteknik.com%2Findex.php%2Fsihhi-tesisat%2F|||rel:nofollow&#8221;]<\/p>\n<h5 class=\"vc_custom_heading\">Yap\u0131larda her t\u00fcrl\u00fc mekanik uygulaman\u0131n konvansiyonel y\u00f6ntemlerle projelendirilmesi ve uygulanmas\u0131 Total&#8217;in verdi\u011fi hizmetler aras\u0131ndad\u0131r.<\/h5>\n<p>[\/vc_hoverbox][\/vc_column][\/vc_row][vc_row][vc_column][vc_message message_box_style=&#8221;outline&#8221; style=&#8221;round&#8221; icon_fontawesome=&#8221;fa fa-check-circle&#8221;]<strong>\u0130klendirme Sistemleri<\/strong>[\/vc_message][vc_hoverbox image=&#8221;1237&#8243; primary_title=&#8221;&#8221; hover_title=&#8221;\u0130klimlendirme Sistemleri&#8221; hover_btn_title=&#8221;Devam\u0131n\u0131 Oku&#8221; hover_btn_color=&#8221;blue&#8221; hover_add_button=&#8221;true&#8221; hover_btn_link=&#8221;url:http%3A%2F%2Ftotalteknik.com%2Findex.php%2Fiklimlendirme-sistemleri%2F|||rel:nofollow&#8221;]<\/p>\n<h5 class=\"vc_custom_heading\">Total Teknik, m\u00fchendislik \u00e7al\u0131\u015fmas\u0131 gerektiren her t\u00fcrl\u00fc havaland\u0131rma, \u0131s\u0131tma, so\u011futma sisteminde m\u00fc\u015fterilerine m\u00fchendislik bilgisi ve k\u00fclt\u00fcr\u00fc ile hizmet vermektedir.<\/h5>\n<p>[\/vc_hoverbox][\/vc_column][\/vc_row][vc_row][vc_column][vc_message message_box_style=&#8221;outline&#8221; style=&#8221;round&#8221; icon_fontawesome=&#8221;fa fa-check-circle&#8221;]<strong>End\u00fcstriyel Uygulamalar<\/strong>[\/vc_message][vc_hoverbox image=&#8221;1226&#8243; primary_title=&#8221;&#8221; hover_title=&#8221;End\u00fcstiyel Uygulamalar&#8221; hover_btn_title=&#8221;Devam\u0131n\u0131 Oku&#8221; hover_btn_color=&#8221;blue&#8221; hover_add_button=&#8221;true&#8221; hover_btn_link=&#8221;url:http%3A%2F%2Ftotalteknik.com%2Findex.php%2Fendustriyel-uygulamalar%2F|||rel:nofollow&#8221;]<\/p>\n<h4 class=\"vc_custom_heading\">End\u00fcstriyel uygulamlarda her prosese \u00f6zg\u00fc deyatlar bulunmaktad\u0131r. Tekstil ve matbaa tesislerinde hassas s\u0131cakl\u0131k ve nem kontrol\u00fc gerekirken laboratuarlarda temiz oda, \u00f6zel filtreleme detaylar\u0131 \u00f6n plana \u00e7\u0131kabilir.<\/h4>\n<p>[\/vc_hoverbox][\/vc_column][\/vc_row]<\/p>\n","protected":false},"excerpt":{"rendered":"<p>[vc_row][vc_column][vc_message message_box_style=&#8221;outline&#8221; style=&#8221;round&#8221; icon_fontawesome=&#8221;fa fa-check-circle&#8221;]S\u0131hh\u0131 Tesisat ve Yang\u0131n S\u00f6nd\u00fcrme Sistemleri[\/vc_message][vc_hoverbox image=&#8221;1294&#8243; primary_title=&#8221;&#8221; hover_title=&#8221;S\u0131hh\u0131 Tesisat ve Yang\u0131n S\u00f6nd\u00fcrme Sistemleri&#8221; hover_btn_title=&#8221;Devam\u0131n\u0131 Oku&#8221; hover_btn_color=&#8221;blue&#8221; hover_add_button=&#8221;true&#8221; hover_btn_link=&#8221;url:http%3A%2F%2Ftotalteknik.com%2Findex.php%2Fsihhi-tesisat%2F|||rel:nofollow&#8221;] Yap\u0131larda her t\u00fcrl\u00fc mekanik uygulaman\u0131n konvansiyonel y\u00f6ntemlerle projelendirilmesi ve uygulanmas\u0131 Total&#8217;in verdi\u011fi hizmetler aras\u0131ndad\u0131r. [\/vc_hoverbox][\/vc_column][\/vc_row][vc_row][vc_column][vc_message message_box_style=&#8221;outline&#8221; style=&#8221;round&#8221; icon_fontawesome=&#8221;fa fa-check-circle&#8221;]\u0130klendirme Sistemleri[\/vc_message][vc_hoverbox image=&#8221;1237&#8243; primary_title=&#8221;&#8221; hover_title=&#8221;\u0130klimlendirme Sistemleri&#8221; hover_btn_title=&#8221;Devam\u0131n\u0131 Oku&#8221; hover_btn_color=&#8221;blue&#8221; hover_add_button=&#8221;true&#8221; hover_btn_link=&#8221;url:http%3A%2F%2Ftotalteknik.com%2Findex.php%2Fiklimlendirme-sistemleri%2F|||rel:nofollow&#8221;] Total Teknik, m\u00fchendislik [&hellip;]<\/p>\n","protected":false},"author":1,"featured_media":0,"parent":0,"menu_order":0,"comment_status":"closed","ping_status":"closed","template":"","meta":{"footnotes":""},"class_list":["post-1598","page","type-page","status-publish","hentry"],"_links":{"self":[{"href":"http:\/\/totalteknik.com\/index.php\/wp-json\/wp\/v2\/pages\/1598","targetHints":{"allow":["GET"]}}],"collection":[{"href":"http:\/\/totalteknik.com\/index.php\/wp-json\/wp\/v2\/pages"}],"about":[{"href":"http:\/\/totalteknik.com\/index.php\/wp-json\/wp\/v2\/types\/page"}],"author":[{"embeddable":true,"href":"http:\/\/totalteknik.com\/index.php\/wp-json\/wp\/v2\/users\/1"}],"replies":[{"embeddable":true,"href":"http:\/\/totalteknik.com\/index.php\/wp-json\/wp\/v2\/comments?post=1598"}],"version-history":[{"count":9,"href":"http:\/\/totalteknik.com\/index.php\/wp-json\/wp\/v2\/pages\/1598\/revisions"}],"predecessor-version":[{"id":1607,"href":"http:\/\/totalteknik.com\/index.php\/wp-json\/wp\/v2\/pages\/1598\/revisions\/1607"}],"wp:attachment":[{"href":"http:\/\/totalteknik.com\/index.php\/wp-json\/wp\/v2\/media?parent=1598"}],"curies":[{"name":"wp","href":"https:\/\/api.w.org\/{rel}","templated":true}]}}