{"id":1405,"date":"2019-01-18T12:30:51","date_gmt":"2019-01-18T09:30:51","guid":{"rendered":"http:\/\/totalteknik.com\/?page_id=1405"},"modified":"2019-01-18T12:32:01","modified_gmt":"2019-01-18T09:32:01","slug":"endustriyel-uygulamalar","status":"publish","type":"page","link":"http:\/\/totalteknik.com\/index.php\/endustriyel-uygulamalar\/","title":{"rendered":"End\u00fcstriyel Uygulamalar"},"content":{"rendered":"<p>[vc_row][vc_column][vc_custom_heading text=&#8221;End\u00fcstiyel Uygulamalar&#8221; font_container=&#8221;tag:h2|text_align:left|color:%23dd3333&#8243; google_fonts=&#8221;font_family:Basic%3Aregular|font_style:400%20regular%3A400%3Anormal&#8221;][vc_row_inner][vc_column_inner width=&#8221;1\/2&#8243;][vc_single_image image=&#8221;1357&#8243; img_size=&#8221;large&#8221; style=&#8221;vc_box_rounded&#8221;][\/vc_column_inner][vc_column_inner width=&#8221;1\/2&#8243;][vc_custom_heading text=&#8221;End\u00fcstriyel uygulamlarda her prosese \u00f6zg\u00fc deyatlar bulunmaktad\u0131r. Tekstil ve matbaa tesislerinde hassas s\u0131cakl\u0131k ve nem kontrol\u00fc gerekirken laboratuarlarda temiz oda, \u00f6zel filtreleme detaylar\u0131 \u00f6n plana \u00e7\u0131kabilir.<\/p>\n<p>Ara\u00e7 muayene istasyonlar\u0131nda \u00f6zel egzost sistemlerine ihtiya\u00e7 duyulmakta, end\u00fcstriyel mutfaklarda ise karbon filtre, sulu filtre gibi ekipmanlar devreye girmektedir. Partik\u00fcl emen \u00fcniteler, amaca uygun uzman klimalar ve benzerleri end\u00fcstriyel uygulamalar\u0131 daha fazla karma\u015f\u0131kla\u015ft\u0131rmaktad\u0131r.<\/p>\n<p>Total bu alanda ki m\u00fchendislik birikimini pratik uygulamayla birle\u015ftirebilmekte, en kapsaml\u0131 hesaplama ve tasar\u0131mlar\u0131 k\u0131sa s\u00fcrelerde tamamlayabilmektedir.&#8221; font_container=&#8221;tag:h4|text_align:left|color:%23000000&#8243; google_fonts=&#8221;font_family:Basic%3Aregular|font_style:400%20regular%3A400%3Anormal&#8221;][\/vc_column_inner][\/vc_row_inner][\/vc_column][\/vc_row]<\/p>\n","protected":false},"excerpt":{"rendered":"<p>[vc_row][vc_column][vc_custom_heading text=&#8221;End\u00fcstiyel Uygulamalar&#8221; font_container=&#8221;tag:h2|text_align:left|color:%23dd3333&#8243; google_fonts=&#8221;font_family:Basic%3Aregular|font_style:400%20regular%3A400%3Anormal&#8221;][vc_row_inner][vc_column_inner width=&#8221;1\/2&#8243;][vc_single_image image=&#8221;1357&#8243; img_size=&#8221;large&#8221; style=&#8221;vc_box_rounded&#8221;][\/vc_column_inner][vc_column_inner width=&#8221;1\/2&#8243;][vc_custom_heading text=&#8221;End\u00fcstriyel uygulamlarda her prosese \u00f6zg\u00fc deyatlar bulunmaktad\u0131r. Tekstil ve matbaa tesislerinde hassas s\u0131cakl\u0131k ve nem kontrol\u00fc gerekirken laboratuarlarda temiz oda, \u00f6zel filtreleme detaylar\u0131 \u00f6n plana \u00e7\u0131kabilir. Ara\u00e7 muayene istasyonlar\u0131nda \u00f6zel egzost sistemlerine ihtiya\u00e7 duyulmakta, end\u00fcstriyel mutfaklarda ise karbon filtre, sulu filtre gibi ekipmanlar devreye girmektedir. [&hellip;]<\/p>\n","protected":false},"author":1,"featured_media":0,"parent":0,"menu_order":0,"comment_status":"closed","ping_status":"closed","template":"page-templates\/template-fullwidth.php","meta":{"footnotes":""},"class_list":["post-1405","page","type-page","status-publish","hentry"],"_links":{"self":[{"href":"http:\/\/totalteknik.com\/index.php\/wp-json\/wp\/v2\/pages\/1405","targetHints":{"allow":["GET"]}}],"collection":[{"href":"http:\/\/totalteknik.com\/index.php\/wp-json\/wp\/v2\/pages"}],"about":[{"href":"http:\/\/totalteknik.com\/index.php\/wp-json\/wp\/v2\/types\/page"}],"author":[{"embeddable":true,"href":"http:\/\/totalteknik.com\/index.php\/wp-json\/wp\/v2\/users\/1"}],"replies":[{"embeddable":true,"href":"http:\/\/totalteknik.com\/index.php\/wp-json\/wp\/v2\/comments?post=1405"}],"version-history":[{"count":0,"href":"http:\/\/totalteknik.com\/index.php\/wp-json\/wp\/v2\/pages\/1405\/revisions"}],"wp:attachment":[{"href":"http:\/\/totalteknik.com\/index.php\/wp-json\/wp\/v2\/media?parent=1405"}],"curies":[{"name":"wp","href":"https:\/\/api.w.org\/{rel}","templated":true}]}}