{"id":1323,"date":"2019-01-18T00:03:17","date_gmt":"2019-01-17T21:03:17","guid":{"rendered":"http:\/\/totalteknik.com\/?page_id=1323"},"modified":"2019-01-18T00:34:10","modified_gmt":"2019-01-17T21:34:10","slug":"uzmanliklarimiz","status":"publish","type":"page","link":"http:\/\/totalteknik.com\/index.php\/uzmanliklarimiz\/","title":{"rendered":"Uzmanl\u0131klar\u0131m\u0131z"},"content":{"rendered":"<p>[vc_row][vc_column][vc_custom_heading text=&#8221;Uzmanl\u0131klar\u0131m\u0131z&#8221; font_container=&#8221;tag:h1|text_align:center|color:%23dd3333&#8243; google_fonts=&#8221;font_family:Basic%3Aregular|font_style:400%20regular%3A400%3Anormal&#8221;][vc_row_inner][vc_column_inner width=&#8221;1\/2&#8243;][vc_custom_heading text=&#8221;Plazalar, \u0130\u015f Merkezleri, Oteller&#8221; font_container=&#8221;tag:h3|text_align:left|color:%231e73be&#8221; google_fonts=&#8221;font_family:Basic%3Aregular|font_style:400%20regular%3A400%3Anormal&#8221;][vc_single_image image=&#8221;1326&#8243; img_size=&#8221;400&#215;200&#8243; style=&#8221;vc_box_border&#8221;][\/vc_column_inner][vc_column_inner width=&#8221;1\/2&#8243;][vc_custom_heading text=&#8221;Plazalar, i\u015f merkezleri, al\u0131\u015fveri\u015f merkezleri ve otellerdeki mekanik uygulamalarda en \u00e7ok dikkat edilmesi gereken konular\u0131n ba\u015f\u0131nda \u00f6l\u00e7ek-maliyet-konfor denkleminin iyi kurulmas\u0131 gelmektedir.<\/p>\n<p>Yeni in\u015fa edilen binalarda projelendirme a\u015famas\u0131nda bu denklem daha rahat kurulabilirken, halihaz\u0131rda faaliyet g\u00f6steren veya tadilata giren binalarda mimarl\u0131k hizmetini veren \u015firketle \u00e7ok yak\u0131n diyalog halinde \u00e7al\u0131\u015f\u0131lmas\u0131 gerekmektedir.<\/p>\n<p>Bir ba\u015fka detay ise bu tip projelerde hizmetin s\u00fcreklili\u011finin en az projeninin zaman\u0131nda teslimi kadar \u00f6nemli olmas\u0131d\u0131r.<\/p>\n<p>\u0130\u015f merkezleri, oteller ve benzerlerinin s\u00fcrekli de\u011fi\u015fim halinde olan karakterleri nedeniyle iklimlendirme ve mekanik tesisat elemanlar\u0131n\u0131n verimli ve etkin bi\u00e7imde i\u015fletilebiliyor olmas\u0131, gerekti\u011fi durumlarda yeni teknik ve teknolojilere uygun bi\u00e7imde g\u00f6zden ge\u00e7iriliyor olmas\u0131 \u00f6nem arz etmektedir.&#8221; font_container=&#8221;tag:h5|text_align:left|color:%23000000&#8243; google_fonts=&#8221;font_family:Basic%3Aregular|font_style:400%20regular%3A400%3Anormal&#8221;][\/vc_column_inner][\/vc_row_inner][\/vc_column][\/vc_row][vc_row][vc_column width=&#8221;1\/2&#8243;][vc_custom_heading text=&#8221;Ma\u011fazalar, Villalar&#8221; font_container=&#8221;tag:h3|text_align:left|color:%231e73be&#8221; google_fonts=&#8221;font_family:Basic%3Aregular|font_style:400%20regular%3A400%3Anormal&#8221;][vc_single_image image=&#8221;1351&#8243; img_size=&#8221;400&#215;200&#8243; style=&#8221;vc_box_border&#8221;][\/vc_column][vc_column width=&#8221;1\/2&#8243;][vc_custom_heading text=&#8221;Total T\u00fcrkiye&#8217;nin en se\u00e7kin ma\u011fazalar\u0131 ve bir\u00e7ok \u00f6zellikli villas\u0131 i\u00e7in yapt\u0131\u011f\u0131 \u00e7al\u0131\u015fmalarda dekorasyona uyumun en az konfor ve maliyet kadar \u00f6nem ta\u015f\u0131d\u0131\u011f\u0131n\u0131n bilinciyle hareket etmektedir.<\/p>\n<p>Cihazlar\u0131n yerle\u015fimi, hava kanallar\u0131n\u0131n gizlenmesi, sistemin g\u00fcr\u00fclt\u00fc de\u011ferleri ve sonu\u00e7ta mekan\u0131 kullananlara 365 g\u00fcn boyunca sunulan konfor, ma\u011faza ve villa \u00e7al\u0131\u015fmalar\u0131nda Total&#8217;in ilk planda dikkate ald\u0131\u011f\u0131 kriterlerdir.<\/p>\n<p>Ma\u011fazalarda ve villarda ya\u015fanan en s\u0131k ya\u015fanan problem mimari proje yap\u0131l\u0131rken mekanik tesisat\u0131n g\u00f6zard\u0131 edilmesidir. Bu tip durumlarda proje de\u011fi\u015fikliklerine hatta yerinde ve o anda bulunmas\u0131 gereken yarat\u0131c\u0131 ve mimari konsepte uygun \u00e7\u00f6z\u00fcmlere ihtiya\u00e7 duyulur.<\/p>\n<p>Total, m\u00fchendisli\u011fin gereklerinden \u00f6d\u00fcn vermeden i\u015fletme &#8211; villa sahibi ve mimarla kurulan \u00fc\u00e7l\u00fc diyalo\u011fa g\u00f6re yap\u0131lacak \u00e7al\u0131\u015fmalar\u0131n her t\u00fcrden esnekli\u011fe a\u00e7\u0131k olmas\u0131 gerekti\u011finin bilincindedir.&#8221; font_container=&#8221;tag:h5|text_align:left|color:%23000000&#8243; google_fonts=&#8221;font_family:Basic%3Aregular|font_style:400%20regular%3A400%3Anormal&#8221;][\/vc_column][\/vc_row][vc_row][vc_column width=&#8221;1\/2&#8243;][vc_custom_heading text=&#8221;Kul\u00fcpler, Kafeler, Lokantalar&#8221; font_container=&#8221;tag:h3|text_align:left|color:%231e73be&#8221; google_fonts=&#8221;font_family:Basic%3Aregular|font_style:400%20regular%3A400%3Anormal&#8221;][vc_single_image image=&#8221;1354&#8243; img_size=&#8221;400&#215;200&#8243; style=&#8221;vc_box_border&#8221;][\/vc_column][vc_column width=&#8221;1\/2&#8243;][vc_custom_heading text=&#8221;Y\u00fcksek insan yo\u011funlu\u011fu olan mekanlarda genelde ya\u015fanan en b\u00fcy\u00fck problem s\u0131cakl\u0131k ve hava kalitesinin uygun \u015fartlarda sa\u011flanamamas\u0131d\u0131r. Yo\u011fun sigara duman\u0131n\u0131n ve ayd\u0131nlatma &#8211; insan kaynakl\u0131 y\u00fcksek \u0131s\u0131 y\u00fcklerinin do\u011fru tekniklerle bertaraf edilmesi konfor \u015fartlar\u0131 i\u00e7in gereklidir.<\/p>\n<p>\u00d6zellikle mutfak uygulamlar\u0131nda gerekli \u00f6zenin g\u00f6sterilememesi sonucunda tamiz hava giri\u015fi ve egzost \u00e7\u0131k\u0131\u015f\u0131 aras\u0131nda denge sa\u011flanamamakt\u0131r. Sonu\u00e7 ise mutfa\u011f\u0131n kokusunun di\u011fer ortamlara yay\u0131lmas\u0131, mutfak pencerelerinin a\u00e7\u0131lmas\u0131 ve \u00e7al\u0131\u015fanlar\u0131n d\u0131\u015f hava ko\u015fullar\u0131na maruz kalmas\u0131d\u0131r.<\/p>\n<p>G\u00f6zard\u0131 edilen bir ba\u015fka detay ise do\u011fru filtrasyonla koku ve ya\u011fdan ar\u0131nd\u0131r\u0131lamayan egzostun \u00e7evre binalar\u0131 rahats\u0131z etmesidir.<br \/>\nBu detaylar Total&#8217;in konuya yakla\u015f\u0131m\u0131ndaki bilimsellik ve ciddiyet anla\u015f\u0131l\u0131r k\u0131lmaktad\u0131r. Total ger\u00e7ekle\u015ftirdi\u011fi t\u00fcm projelerde sadece mekan\u0131n hassas \u00f6zelliklerini dikkate alan bir uygulama tarz\u0131 geli\u015ftirmekle yetinmez ayn\u0131 zamanda devreye alma a\u015famas\u0131ndan sonra yap\u0131lacak ince ayarlamalarla da i\u015fletmecinin t\u00fcm ihtiya\u00e7lar\u0131n\u0131 kar\u015f\u0131lama anlay\u0131\u015f\u0131n\u0131 hayata ge\u00e7irir.&#8221; font_container=&#8221;tag:h5|text_align:left|color:%23000000&#8243; google_fonts=&#8221;font_family:Basic%3Aregular|font_style:400%20regular%3A400%3Anormal&#8221;][\/vc_column][\/vc_row][vc_row][vc_column width=&#8221;1\/2&#8243;][vc_custom_heading text=&#8221;End\u00fcstriyel Tesisler Sa\u011fl\u0131k Spor Merkezleri&#8221; font_container=&#8221;tag:h3|text_align:left|color:%231e73be&#8221; google_fonts=&#8221;font_family:Basic%3Aregular|font_style:400%20regular%3A400%3Anormal&#8221;][vc_single_image image=&#8221;1357&#8243; img_size=&#8221;400&#215;200&#8243; style=&#8221;vc_box_border&#8221;][\/vc_column][vc_column width=&#8221;1\/2&#8243;][vc_custom_heading text=&#8221;\u00d6zel yal\u0131t\u0131m odalar\u0131, buhar uygulamalar\u0131, hassas s\u0131cakl\u0131k ve nem kontrol\u00fc, temiz oda, karbon filtreme, sulu filtreleme, sens\u00f6r destekli kontrol \u00fcniteleri veya y\u00fcksek kaliteli hava gereksinimleri gibi ihtiya\u00e7lar\u0131n s\u0131radan yakla\u015f\u0131mlarla istenilen verimde kar\u015f\u0131lanabilmesi m\u00fcmk\u00fcn de\u011fildir.<\/p>\n<p>Laboratuvar, end\u00fcstriyel tesis veya kapal\u0131 spor alanlar\u0131 uygulamalar\u0131 mutlaka benzer konularda deneyimine sahip m\u00fchendisler ve teknik ekiplerle \u00e7\u00f6z\u00fcme ula\u015ft\u0131r\u0131lmal\u0131d\u0131r.<\/p>\n<p>Total bu tip ihtiya\u00e7larda proje i\u00e7in en uygun ekibi T\u00fcrkiye&#8217;nin herhangi bir noktas\u0131nda bir araya getirme becerisine sahiptir. Total&#8217;in kadrosu en modern teknik ve teknolojiye ihtiya\u00e7 duyulan bu projelerde her \u00f6l\u00e7ekte tesisin ihtiya\u00e7lar\u0131na cevap verebilecek niteliktedir.<\/p>\n<p>Total bu alanda ki m\u00fchendislik birikimini pratik uygulamayla birle\u015ftirebilmekte, en kapsaml\u0131 hesaplama ve tasar\u0131mlar\u0131 k\u0131sa s\u00fcrelerde tamamlayabilmetedir&#8221; font_container=&#8221;tag:h5|text_align:left|color:%23000000&#8243; google_fonts=&#8221;font_family:Basic%3Aregular|font_style:400%20regular%3A400%3Anormal&#8221;][\/vc_column][\/vc_row]<\/p>\n","protected":false},"excerpt":{"rendered":"<p>[vc_row][vc_column][vc_custom_heading text=&#8221;Uzmanl\u0131klar\u0131m\u0131z&#8221; font_container=&#8221;tag:h1|text_align:center|color:%23dd3333&#8243; google_fonts=&#8221;font_family:Basic%3Aregular|font_style:400%20regular%3A400%3Anormal&#8221;][vc_row_inner][vc_column_inner width=&#8221;1\/2&#8243;][vc_custom_heading text=&#8221;Plazalar, \u0130\u015f Merkezleri, Oteller&#8221; font_container=&#8221;tag:h3|text_align:left|color:%231e73be&#8221; google_fonts=&#8221;font_family:Basic%3Aregular|font_style:400%20regular%3A400%3Anormal&#8221;][vc_single_image image=&#8221;1326&#8243; img_size=&#8221;400&#215;200&#8243; style=&#8221;vc_box_border&#8221;][\/vc_column_inner][vc_column_inner width=&#8221;1\/2&#8243;][vc_custom_heading text=&#8221;Plazalar, i\u015f merkezleri, al\u0131\u015fveri\u015f merkezleri ve otellerdeki mekanik uygulamalarda en \u00e7ok dikkat edilmesi gereken konular\u0131n ba\u015f\u0131nda \u00f6l\u00e7ek-maliyet-konfor denkleminin iyi kurulmas\u0131 gelmektedir. Yeni in\u015fa edilen binalarda projelendirme a\u015famas\u0131nda bu denklem daha rahat kurulabilirken, halihaz\u0131rda faaliyet g\u00f6steren veya tadilata giren binalarda mimarl\u0131k [&hellip;]<\/p>\n","protected":false},"author":1,"featured_media":0,"parent":0,"menu_order":0,"comment_status":"closed","ping_status":"closed","template":"page-templates\/template-fullwidth.php","meta":{"footnotes":""},"class_list":["post-1323","page","type-page","status-publish","hentry"],"_links":{"self":[{"href":"http:\/\/totalteknik.com\/index.php\/wp-json\/wp\/v2\/pages\/1323","targetHints":{"allow":["GET"]}}],"collection":[{"href":"http:\/\/totalteknik.com\/index.php\/wp-json\/wp\/v2\/pages"}],"about":[{"href":"http:\/\/totalteknik.com\/index.php\/wp-json\/wp\/v2\/types\/page"}],"author":[{"embeddable":true,"href":"http:\/\/totalteknik.com\/index.php\/wp-json\/wp\/v2\/users\/1"}],"replies":[{"embeddable":true,"href":"http:\/\/totalteknik.com\/index.php\/wp-json\/wp\/v2\/comments?post=1323"}],"version-history":[{"count":0,"href":"http:\/\/totalteknik.com\/index.php\/wp-json\/wp\/v2\/pages\/1323\/revisions"}],"wp:attachment":[{"href":"http:\/\/totalteknik.com\/index.php\/wp-json\/wp\/v2\/media?parent=1323"}],"curies":[{"name":"wp","href":"https:\/\/api.w.org\/{rel}","templated":true}]}}