{"id":1261,"date":"2019-01-10T22:04:36","date_gmt":"2019-01-10T19:04:36","guid":{"rendered":"http:\/\/totalteknik.com\/?page_id=1261"},"modified":"2019-01-17T23:56:00","modified_gmt":"2019-01-17T20:56:00","slug":"hakkimizda","status":"publish","type":"page","link":"http:\/\/totalteknik.com\/index.php\/hakkimizda\/","title":{"rendered":"Hakk\u0131m\u0131zda"},"content":{"rendered":"<p>[vc_row][vc_column][vc_custom_heading text=&#8221;Hakk\u0131m\u0131zda&#8221; font_container=&#8221;tag:h1|text_align:left|color:%23dd3333&#8243; google_fonts=&#8221;font_family:Basic%3Aregular|font_style:400%20regular%3A400%3Anormal&#8221;][vc_row_inner][vc_column_inner width=&#8221;1\/2&#8243;][vc_single_image image=&#8221;1309&#8243; img_size=&#8221;large&#8221; style=&#8221;vc_box_outline&#8221;][\/vc_column_inner][vc_column_inner width=&#8221;1\/2&#8243;][vc_custom_heading text=&#8221;Sekt\u00f6rde uzun y\u0131llar \u00e7al\u0131\u015farak deneyim elde eden ve aralar\u0131nda \u0130T\u00dc Makina M\u00fchendisli\u011fi ve ODT\u00dc End\u00fcstri M\u00fchendisli\u011fi mezunlar\u0131n\u0131nda bulundu\u011fu bir grup m\u00fchendis 2005 y\u0131l\u0131nda Total Teknik Mekanik Ltd. \u015eti.&#8217;ni kurdular.<\/p>\n<p>Kendilerine duyulan g\u00fcvenin \u015firket b\u00fcnyesine ta\u015f\u0131nmas\u0131yla Total k\u0131sa s\u00fcrede prestijli projelere imzas\u0131n\u0131 atmaya ba\u015flam\u0131\u015ft\u0131r. Kuruldu\u011fu g\u00fcnden beri bilimsel yakla\u015f\u0131mdan asla \u00f6d\u00fcn vermeyen Total, m\u00fc\u015fterilerine do\u011frudan kadrosundaki m\u00fchendislerle hizmet vermeyi prensip haline getirdi. Total&#8217;in i\u015f yakla\u015f\u0131m\u0131 \u015fu \u015fekilde \u00f6zetlenebilir: M\u00fchendislik i\u015fleri m\u00fchendislerle \u00e7\u00f6z\u00fcl\u00fcr!<\/p>\n<p>Total Teknik, iklimlendirme sistemleri ba\u015fta olmak \u00fczere m\u00fchendislik bilgisi gerektiren her \u00f6l\u00e7ekteki mekanik tesisat i\u015flerinin projelendirilmesinden anahtar teslimi uygulamas\u0131na kadar t\u00fcm s\u00fcre\u00e7lerini \u00fcstlenebilecek kadro ve deneyime sahiptir.&#8221; font_container=&#8221;tag:h4|text_align:left|color:%23000000&#8243; google_fonts=&#8221;font_family:Basic%3Aregular|font_style:400%20regular%3A400%3Anormal&#8221;][\/vc_column_inner][\/vc_row_inner][\/vc_column][\/vc_row]<\/p>\n","protected":false},"excerpt":{"rendered":"<p>[vc_row][vc_column][vc_custom_heading text=&#8221;Hakk\u0131m\u0131zda&#8221; font_container=&#8221;tag:h1|text_align:left|color:%23dd3333&#8243; google_fonts=&#8221;font_family:Basic%3Aregular|font_style:400%20regular%3A400%3Anormal&#8221;][vc_row_inner][vc_column_inner width=&#8221;1\/2&#8243;][vc_single_image image=&#8221;1309&#8243; img_size=&#8221;large&#8221; style=&#8221;vc_box_outline&#8221;][\/vc_column_inner][vc_column_inner width=&#8221;1\/2&#8243;][vc_custom_heading text=&#8221;Sekt\u00f6rde uzun y\u0131llar \u00e7al\u0131\u015farak deneyim elde eden ve aralar\u0131nda \u0130T\u00dc Makina M\u00fchendisli\u011fi ve ODT\u00dc End\u00fcstri M\u00fchendisli\u011fi mezunlar\u0131n\u0131nda bulundu\u011fu bir grup m\u00fchendis 2005 y\u0131l\u0131nda Total Teknik Mekanik Ltd. \u015eti.&#8217;ni kurdular. Kendilerine duyulan g\u00fcvenin \u015firket b\u00fcnyesine ta\u015f\u0131nmas\u0131yla Total k\u0131sa s\u00fcrede prestijli projelere imzas\u0131n\u0131 atmaya ba\u015flam\u0131\u015ft\u0131r. Kuruldu\u011fu g\u00fcnden beri [&hellip;]<\/p>\n","protected":false},"author":1,"featured_media":0,"parent":0,"menu_order":0,"comment_status":"closed","ping_status":"closed","template":"page-templates\/template-fullwidth.php","meta":{"footnotes":""},"class_list":["post-1261","page","type-page","status-publish","hentry"],"_links":{"self":[{"href":"http:\/\/totalteknik.com\/index.php\/wp-json\/wp\/v2\/pages\/1261","targetHints":{"allow":["GET"]}}],"collection":[{"href":"http:\/\/totalteknik.com\/index.php\/wp-json\/wp\/v2\/pages"}],"about":[{"href":"http:\/\/totalteknik.com\/index.php\/wp-json\/wp\/v2\/types\/page"}],"author":[{"embeddable":true,"href":"http:\/\/totalteknik.com\/index.php\/wp-json\/wp\/v2\/users\/1"}],"replies":[{"embeddable":true,"href":"http:\/\/totalteknik.com\/index.php\/wp-json\/wp\/v2\/comments?post=1261"}],"version-history":[{"count":0,"href":"http:\/\/totalteknik.com\/index.php\/wp-json\/wp\/v2\/pages\/1261\/revisions"}],"wp:attachment":[{"href":"http:\/\/totalteknik.com\/index.php\/wp-json\/wp\/v2\/media?parent=1261"}],"curies":[{"name":"wp","href":"https:\/\/api.w.org\/{rel}","templated":true}]}}