{"id":1243,"date":"2019-01-10T21:20:37","date_gmt":"2019-01-10T18:20:37","guid":{"rendered":"http:\/\/totalteknik.com\/?page_id=1243"},"modified":"2019-01-17T23:59:03","modified_gmt":"2019-01-17T20:59:03","slug":"iklimlendirme-sistemleri","status":"publish","type":"page","link":"http:\/\/totalteknik.com\/index.php\/iklimlendirme-sistemleri\/","title":{"rendered":"\u0130klimlendirme Sistemleri"},"content":{"rendered":"<p>[vc_row][vc_column][vc_custom_heading text=&#8221;\u0130klimlendirme &#8211; Havaland\u0131rma -So\u011futma &#8211; Is\u0131tma Sistemleri&#8221; font_container=&#8221;tag:h2|text_align:left|color:%23dd3333&#8243; google_fonts=&#8221;font_family:Basic%3Aregular|font_style:400%20regular%3A400%3Anormal&#8221;][vc_row_inner][vc_column_inner width=&#8221;1\/2&#8243;][vc_single_image image=&#8221;1237&#8243; img_size=&#8221;large&#8221; alignment=&#8221;center&#8221; style=&#8221;vc_box_circle&#8221;][\/vc_column_inner][vc_column_inner width=&#8221;1\/2&#8243;][vc_custom_heading text=&#8221;Total Teknik, m\u00fchendislik \u00e7al\u0131\u015fmas\u0131 gerektiren her t\u00fcrl\u00fc havaland\u0131rma, \u0131s\u0131tma, so\u011futma sisteminde m\u00fc\u015fterilerine m\u00fchendislik bilgisi ve k\u00fclt\u00fcr\u00fc ile hizmet vermektedir.<\/p>\n<p>Basit villa tesisat\u0131ndan, karma\u015f\u0131k laboratuar uygulamalar\u0131na kadar i\u015fin gerektirdi\u011fi t\u00fcm hesaplar\u0131 ve tasar\u0131m\u0131 titiz \u015fekilde yapan Total en verimli ve en az maliyetli sistemin kurulmas\u0131n\u0131 sa\u011flamaktad\u0131r.<\/p>\n<p>Ana \u00e7al\u0131\u015fma konusu olan iklimlendirme i\u015flerinde projelendirme ve anahtar teslimi uygulama yapmaktad\u0131r. Total iklimlendirme sistemlerinde s\u0131radan m\u00fchendislik hesaplar\u0131n\u0131n \u00f6tesine ge\u00e7ip en g\u00fcncel bilimsel verilerle \u00e7al\u0131\u015fmalar\u0131n\u0131 yapmaktad\u0131r.<\/p>\n<p>\u015eu ana kadar bitirdi\u011fi t\u00fcm i\u015flerde maksimum m\u00fc\u015fteri konforunu minimum yat\u0131r\u0131m ve i\u015fletme maliyeti kar\u015f\u0131l\u0131\u011f\u0131nda sunabilen Total, uzun y\u0131llar boyu kendisini bir daha hat\u0131rlatma ihtiyac\u0131 duymayan projelere imza atmaktad\u0131r.&#8221; font_container=&#8221;tag:h4|text_align:left|color:%23000000&#8243; google_fonts=&#8221;font_family:Basic%3Aregular|font_style:400%20regular%3A400%3Anormal&#8221;][\/vc_column_inner][\/vc_row_inner][\/vc_column][\/vc_row]<\/p>\n","protected":false},"excerpt":{"rendered":"<p>[vc_row][vc_column][vc_custom_heading text=&#8221;\u0130klimlendirme &#8211; Havaland\u0131rma -So\u011futma &#8211; Is\u0131tma Sistemleri&#8221; font_container=&#8221;tag:h2|text_align:left|color:%23dd3333&#8243; google_fonts=&#8221;font_family:Basic%3Aregular|font_style:400%20regular%3A400%3Anormal&#8221;][vc_row_inner][vc_column_inner width=&#8221;1\/2&#8243;][vc_single_image image=&#8221;1237&#8243; img_size=&#8221;large&#8221; alignment=&#8221;center&#8221; style=&#8221;vc_box_circle&#8221;][\/vc_column_inner][vc_column_inner width=&#8221;1\/2&#8243;][vc_custom_heading text=&#8221;Total Teknik, m\u00fchendislik \u00e7al\u0131\u015fmas\u0131 gerektiren her t\u00fcrl\u00fc havaland\u0131rma, \u0131s\u0131tma, so\u011futma sisteminde m\u00fc\u015fterilerine m\u00fchendislik bilgisi ve k\u00fclt\u00fcr\u00fc ile hizmet vermektedir. Basit villa tesisat\u0131ndan, karma\u015f\u0131k laboratuar uygulamalar\u0131na kadar i\u015fin gerektirdi\u011fi t\u00fcm hesaplar\u0131 ve tasar\u0131m\u0131 titiz \u015fekilde yapan Total en verimli ve [&hellip;]<\/p>\n","protected":false},"author":1,"featured_media":0,"parent":0,"menu_order":0,"comment_status":"closed","ping_status":"closed","template":"page-templates\/template-fullwidth.php","meta":{"footnotes":""},"class_list":["post-1243","page","type-page","status-publish","hentry"],"_links":{"self":[{"href":"http:\/\/totalteknik.com\/index.php\/wp-json\/wp\/v2\/pages\/1243","targetHints":{"allow":["GET"]}}],"collection":[{"href":"http:\/\/totalteknik.com\/index.php\/wp-json\/wp\/v2\/pages"}],"about":[{"href":"http:\/\/totalteknik.com\/index.php\/wp-json\/wp\/v2\/types\/page"}],"author":[{"embeddable":true,"href":"http:\/\/totalteknik.com\/index.php\/wp-json\/wp\/v2\/users\/1"}],"replies":[{"embeddable":true,"href":"http:\/\/totalteknik.com\/index.php\/wp-json\/wp\/v2\/comments?post=1243"}],"version-history":[{"count":0,"href":"http:\/\/totalteknik.com\/index.php\/wp-json\/wp\/v2\/pages\/1243\/revisions"}],"wp:attachment":[{"href":"http:\/\/totalteknik.com\/index.php\/wp-json\/wp\/v2\/media?parent=1243"}],"curies":[{"name":"wp","href":"https:\/\/api.w.org\/{rel}","templated":true}]}}